{"id":1796,"date":"2023-04-26T21:15:22","date_gmt":"2023-04-27T01:15:22","guid":{"rendered":"https:\/\/tienda.enlacesystem.com.py\/?post_type=product&#038;p=1796"},"modified":"2025-04-12T23:09:19","modified_gmt":"2025-04-13T03:09:19","slug":"camara-web-logitech-960-001087-c922-pro-stream","status":"publish","type":"product","link":"https:\/\/www.enlacesystem.com.py\/index.php\/producto\/camara-web-logitech-960-001087-c922-pro-stream\/","title":{"rendered":"CAMARA WEB LOGITECH 960-001087 C922 PRO STREAM"},"content":{"rendered":"<h2 class=\"body-copy-title font-title-m font-brown-bold dc-black tc-black mc-black \">DISE\u00d1O PARA STREAMING<\/h2>\n<p>Conexi\u00f3n extremadamente n\u00edtida en directo para canales como Twitch y YouTube. Haz streaming de lo que quieras y elige entre Full HD 1080p a 30 fps o superr\u00e1pido HD 720p a 60 fps. Difunde magistralmente con audio sin interrupciones, enfoque autom\u00e1tico y un campo visual diagonal de 78 grados. Incluye una licencia premium de XSplit gratis con 3 meses de validez.<\/p>\n<h2 class=\"body-copy-title font-title-m font-brown-bold dc-black tc-black mc-black \">STREAMING FULL HD 1080P<\/h2>\n<p>Graba y haz streaming de videos totalmente naturales. La C922 tiene una lente de cristal con enfoque autom\u00e1tico y un campo visual diagonal de 78\u00b0. La resoluci\u00f3n de streaming Full HD captura todos los detalles, el brillo, los colores naturales y ofrece video fluido a 1080p\/30 fps (720p\/60 fps en HD). Usa el software Capture para funciones de zoom, panor\u00e1mica y edici\u00f3n.<\/p>\n<h2 class=\"h3 \">FRECUENCIA DE CUADRO SUPERR\u00c1PIDA<\/h2>\n<p>Quienes hacen streaming en serio necesitan la frecuencia de cuadro superr\u00e1pida de 60 fps a 720p para que el video sea realmente fluido, y eso es lo que hace la C922. Tu difusi\u00f3n por streaming no tendr\u00e1 demoras ni distorsiones.<\/p>\n<h2 class=\"h3 \">CORRECCI\u00d3N DE ILUMINACI\u00d3N AUTOM\u00c1TICA<\/h2>\n<p>Mediante el enfoque autom\u00e1tico HD y la correcci\u00f3n de iluminaci\u00f3n HD se realizan ajustes de acuerdo con las condiciones de iluminaci\u00f3n, para producir video nitid\u00edsimo en alta definici\u00f3n y ofrecer siempre tu mejor imagen durante el streaming.<\/p>\n<h2 class=\"body-copy-title font-title-m font-brown-bold dc-black tc-black mc-black \">SONIDO EST\u00c9REO CON DOS MICR\u00d3FONOS<\/h2>\n<p>Con dos micr\u00f3fonos omnidireccionales, la c\u00e1mara web Pro C922 captura sonido m\u00e1s realista desde cualquier \u00e1ngulo, para que tu voz se escuche clara y natural al hacer streaming.<\/p>\n","protected":false},"excerpt":{"rendered":"<h1 class=\"page-title\"><span class=\"base\" data-ui-id=\"page-title-wrapper\">Webcam Logitech C922 Pro Stream HD USB<\/span><\/h1>\n","protected":false},"featured_media":1799,"comment_status":"open","ping_status":"closed","template":"","meta":{"_uag_custom_page_level_css":"","site-sidebar-layout":"default","site-content-layout":"default","ast-global-header-display":"","ast-main-header-display":"","ast-hfb-above-header-display":"","ast-hfb-below-header-display":"","ast-hfb-mobile-header-display":"","site-post-title":"","ast-breadcrumbs-content":"","ast-featured-img":"","footer-sml-layout":"","theme-transparent-header-meta":"default","adv-header-id-meta":"","stick-header-meta":"","header-above-stick-meta":"","header-main-stick-meta":"","header-below-stick-meta":""},"product_cat":[15],"product_tag":[],"class_list":{"0":"post-1796","1":"product","2":"type-product","3":"status-publish","4":"has-post-thumbnail","6":"product_cat-sin-categorizar","7":"desktop-align-left","8":"tablet-align-left","9":"mobile-align-left","11":"first","12":"instock","13":"sale","14":"taxable","15":"shipping-taxable","16":"purchasable","17":"product-type-simple"},"uagb_featured_image_src":{"full":["https:\/\/www.enlacesystem.com.py\/wp-content\/uploads\/2023\/04\/descarga.jpg",232,217,false],"thumbnail":["https:\/\/www.enlacesystem.com.py\/wp-content\/uploads\/2023\/04\/descarga-150x150.jpg",150,150,true],"medium":["https:\/\/www.enlacesystem.com.py\/wp-content\/uploads\/2023\/04\/descarga.jpg",232,217,false],"medium_large":["https:\/\/www.enlacesystem.com.py\/wp-content\/uploads\/2023\/04\/descarga.jpg",232,217,false],"large":["https:\/\/www.enlacesystem.com.py\/wp-content\/uploads\/2023\/04\/descarga.jpg",232,217,false],"1536x1536":["https:\/\/www.enlacesystem.com.py\/wp-content\/uploads\/2023\/04\/descarga.jpg",232,217,false],"2048x2048":["https:\/\/www.enlacesystem.com.py\/wp-content\/uploads\/2023\/04\/descarga.jpg",232,217,false],"woocommerce_thumbnail":["https:\/\/www.enlacesystem.com.py\/wp-content\/uploads\/2023\/04\/descarga.jpg",232,217,false],"woocommerce_single":["https:\/\/www.enlacesystem.com.py\/wp-content\/uploads\/2023\/04\/descarga.jpg",232,217,false],"woocommerce_gallery_thumbnail":["https:\/\/www.enlacesystem.com.py\/wp-content\/uploads\/2023\/04\/descarga-100x100.jpg",100,100,true]},"uagb_author_info":{"display_name":"admin","author_link":"https:\/\/www.enlacesystem.com.py\/index.php\/author\/"},"uagb_comment_info":2,"uagb_excerpt":"Webcam Logitech C922 Pro Stream HD USB","_links":{"self":[{"href":"https:\/\/www.enlacesystem.com.py\/index.php\/wp-json\/wp\/v2\/product\/1796","targetHints":{"allow":["GET"]}}],"collection":[{"href":"https:\/\/www.enlacesystem.com.py\/index.php\/wp-json\/wp\/v2\/product"}],"about":[{"href":"https:\/\/www.enlacesystem.com.py\/index.php\/wp-json\/wp\/v2\/types\/product"}],"replies":[{"embeddable":true,"href":"https:\/\/www.enlacesystem.com.py\/index.php\/wp-json\/wp\/v2\/comments?post=1796"}],"wp:featuredmedia":[{"embeddable":true,"href":"https:\/\/www.enlacesystem.com.py\/index.php\/wp-json\/wp\/v2\/media\/1799"}],"wp:attachment":[{"href":"https:\/\/www.enlacesystem.com.py\/index.php\/wp-json\/wp\/v2\/media?parent=1796"}],"wp:term":[{"taxonomy":"product_cat","embeddable":true,"href":"https:\/\/www.enlacesystem.com.py\/index.php\/wp-json\/wp\/v2\/product_cat?post=1796"},{"taxonomy":"product_tag","embeddable":true,"href":"https:\/\/www.enlacesystem.com.py\/index.php\/wp-json\/wp\/v2\/product_tag?post=1796"}],"curies":[{"name":"wp","href":"https:\/\/api.w.org\/{rel}","templated":true}]}}