{"id":1116,"date":"2022-04-29T04:28:13","date_gmt":"2022-04-29T04:28:13","guid":{"rendered":"https:\/\/tienda.enlacesystem.com.py\/index.php\/about\/"},"modified":"2024-03-12T23:21:34","modified_gmt":"2024-03-13T02:21:34","slug":"about","status":"publish","type":"page","link":"https:\/\/www.enlacesystem.com.py\/index.php\/about\/","title":{"rendered":"Quienes somos"},"content":{"rendered":"\t\t<div data-elementor-type=\"wp-page\" data-elementor-id=\"1116\" class=\"elementor elementor-1116\">\n\t\t\t\t<div class=\"elementor-element elementor-element-127591f e-flex e-con-boxed e-con e-parent\" data-id=\"127591f\" data-element_type=\"container\" data-core-v316-plus=\"true\">\n\t\t\t\t\t<div class=\"e-con-inner\">\n\t\t\t\t\t<\/div>\n\t\t\t\t<\/div>\n\t\t<div class=\"elementor-element elementor-element-faba6f2 e-flex e-con-boxed e-con e-parent\" data-id=\"faba6f2\" data-element_type=\"container\" data-core-v316-plus=\"true\">\n\t\t\t\t\t<div class=\"e-con-inner\">\n\t\t\t\t<div class=\"elementor-element elementor-element-807d46d elementor-widget elementor-widget-heading\" data-id=\"807d46d\" data-element_type=\"widget\" data-widget_type=\"heading.default\">\n\t\t\t\t<div class=\"elementor-widget-container\">\n\t\t\t<style>\/*! elementor - v3.20.0 - 11-03-2024 *\/\n.elementor-heading-title{padding:0;margin:0;line-height:1}.elementor-widget-heading .elementor-heading-title[class*=elementor-size-]>a{color:inherit;font-size:inherit;line-height:inherit}.elementor-widget-heading .elementor-heading-title.elementor-size-small{font-size:15px}.elementor-widget-heading .elementor-heading-title.elementor-size-medium{font-size:19px}.elementor-widget-heading .elementor-heading-title.elementor-size-large{font-size:29px}.elementor-widget-heading .elementor-heading-title.elementor-size-xl{font-size:39px}.elementor-widget-heading .elementor-heading-title.elementor-size-xxl{font-size:59px}<\/style><h3 class=\"elementor-heading-title elementor-size-default\">Nosotros<\/h3>\t\t<\/div>\n\t\t\t\t<\/div>\n\t\t\t\t<div class=\"elementor-element elementor-element-cd86d59 elementor-widget elementor-widget-text-editor\" data-id=\"cd86d59\" data-element_type=\"widget\" data-widget_type=\"text-editor.default\">\n\t\t\t\t<div class=\"elementor-widget-container\">\n\t\t\t<style>\/*! elementor - v3.20.0 - 11-03-2024 *\/\n.elementor-widget-text-editor.elementor-drop-cap-view-stacked .elementor-drop-cap{background-color:#69727d;color:#fff}.elementor-widget-text-editor.elementor-drop-cap-view-framed .elementor-drop-cap{color:#69727d;border:3px solid;background-color:transparent}.elementor-widget-text-editor:not(.elementor-drop-cap-view-default) .elementor-drop-cap{margin-top:8px}.elementor-widget-text-editor:not(.elementor-drop-cap-view-default) .elementor-drop-cap-letter{width:1em;height:1em}.elementor-widget-text-editor .elementor-drop-cap{float:left;text-align:center;line-height:1;font-size:50px}.elementor-widget-text-editor .elementor-drop-cap-letter{display:inline-block}<\/style>\t\t\t\t<p><strong><span style=\"color: var( --e-global-color-text ); font-family: var( --e-global-typography-text-font-family ), Sans-serif; text-align: var(--text-align); background-color: var(--ast-global-color-4); font-size: 1rem;\">\u00a1Bienvenido a la historia de Enlace System!<\/span>\u00a0<\/strong><\/p>\t\t\t\t\t\t<\/div>\n\t\t\t\t<\/div>\n\t\t\t\t\t<\/div>\n\t\t\t\t<\/div>\n\t\t<div class=\"elementor-element elementor-element-023fcc8 e-flex e-con-boxed e-con e-parent\" data-id=\"023fcc8\" data-element_type=\"container\" data-core-v316-plus=\"true\">\n\t\t\t\t\t<div class=\"e-con-inner\">\n\t\t<div class=\"elementor-element elementor-element-4b4e63e e-con-full e-flex e-con e-child\" data-id=\"4b4e63e\" data-element_type=\"container\">\n\t\t\t\t<div class=\"elementor-element elementor-element-df97c09 elementor-widget elementor-widget-image\" data-id=\"df97c09\" data-element_type=\"widget\" data-widget_type=\"image.default\">\n\t\t\t\t<div class=\"elementor-widget-container\">\n\t\t\t<style>\/*! elementor - v3.20.0 - 11-03-2024 *\/\n.elementor-widget-image{text-align:center}.elementor-widget-image a{display:inline-block}.elementor-widget-image a img[src$=\".svg\"]{width:48px}.elementor-widget-image img{vertical-align:middle;display:inline-block}<\/style>\t\t\t\t\t\t\t\t\t\t<img fetchpriority=\"high\" decoding=\"async\" width=\"300\" height=\"169\" src=\"https:\/\/www.enlacesystem.com.py\/wp-content\/uploads\/2024\/03\/Foto-del-Negocio-1-300x169.jpg\" class=\"attachment-medium size-medium wp-image-2134\" alt=\"\" srcset=\"https:\/\/www.enlacesystem.com.py\/wp-content\/uploads\/2024\/03\/Foto-del-Negocio-1-300x169.jpg 300w, https:\/\/www.enlacesystem.com.py\/wp-content\/uploads\/2024\/03\/Foto-del-Negocio-1-1024x576.jpg 1024w, https:\/\/www.enlacesystem.com.py\/wp-content\/uploads\/2024\/03\/Foto-del-Negocio-1-768x432.jpg 768w, https:\/\/www.enlacesystem.com.py\/wp-content\/uploads\/2024\/03\/Foto-del-Negocio-1-1536x864.jpg 1536w, https:\/\/www.enlacesystem.com.py\/wp-content\/uploads\/2024\/03\/Foto-del-Negocio-1-2048x1152.jpg 2048w, https:\/\/www.enlacesystem.com.py\/wp-content\/uploads\/2024\/03\/Foto-del-Negocio-1-600x338.jpg 600w\" sizes=\"(max-width: 300px) 100vw, 300px\" \/>\t\t\t\t\t\t\t\t\t\t\t\t\t<\/div>\n\t\t\t\t<\/div>\n\t\t\t\t<\/div>\n\t\t<div class=\"elementor-element elementor-element-fa3a5d6 e-con-full e-flex e-con e-child\" data-id=\"fa3a5d6\" data-element_type=\"container\">\n\t\t\t\t<div class=\"elementor-element elementor-element-684e472 elementor-widget elementor-widget-text-editor\" data-id=\"684e472\" data-element_type=\"widget\" data-widget_type=\"text-editor.default\">\n\t\t\t\t<div class=\"elementor-widget-container\">\n\t\t\t\t\t\t\t<p>Desde nuestros humildes comienzos hace m\u00e1s de una d\u00e9cada, nos hemos convertido en un referente en el mundo de las nuevas tecnolog\u00edas. Iniciamos nuestra traves\u00eda en 2009 con la venta de productos y servicios inform\u00e1ticos, estableciendo las bases de lo que se convertir\u00eda en un viaje apasionante hacia el \u00e9xito empresarial.<\/p>\n<p>Con el paso del tiempo, hemos evolucionado y diversificado nuestras actividades, incorporando servicios de ingenier\u00eda inform\u00e1tica y electr\u00f3nica. Nos enorgullece haber expandido nuestra oferta para incluir servicios de asesor\u00eda y consultor\u00eda, asegurando as\u00ed un enfoque personalizado y espec\u00edfico para cada cliente, con soluciones de calidad que marcan la diferencia.<\/p>\t\t\t\t\t\t<\/div>\n\t\t\t\t<\/div>\n\t\t\t\t<\/div>\n\t\t\t\t\t<\/div>\n\t\t\t\t<\/div>\n\t\t<div class=\"elementor-element elementor-element-203ad0b e-flex e-con-boxed e-con e-parent\" data-id=\"203ad0b\" data-element_type=\"container\" data-core-v316-plus=\"true\">\n\t\t\t\t\t<div class=\"e-con-inner\">\n\t\t\t\t<div class=\"elementor-element elementor-element-9cd504c elementor-widget elementor-widget-text-editor\" data-id=\"9cd504c\" data-element_type=\"widget\" data-widget_type=\"text-editor.default\">\n\t\t\t\t<div class=\"elementor-widget-container\">\n\t\t\t\t\t\t\t<p>Nuestro equipo humano es el coraz\u00f3n de Enlace System, compuesto por profesionales con una amplia experiencia en hardware y software. Esta combinaci\u00f3n \u00fanica nos permite ofrecer una amplia gama de servicios y productos, adaptados a las necesidades cambiantes de nuestros clientes en un mundo digital en constante evoluci\u00f3n.<\/p>\n<p>En Enlace System, nos comprometemos a mantenernos a la vanguardia de la tecnolog\u00eda, garantizando productos de m\u00e1xima calidad y servicios de excelencia para nuestros clientes. Nuestro continuo crecimiento y progreso nos impulsa a ampliar constantemente nuestra lista de productos y servicios, atendiendo a empresas de todos los tama\u00f1os, desde grandes corporaciones hasta peque\u00f1as oficinas de un solo usuario.<\/p>\n<p>Te invitamos a explorar nuestra gama de productos y servicios, donde encontrar\u00e1s responsabilidad, rapidez y precios justos en cada interacci\u00f3n. En Enlace System, estamos aqu\u00ed para ser tu socio tecnol\u00f3gico confiable en este emocionante viaje hacia el futuro digital. \u00a1\u00danete a nosotros y descubre el poder de la tecnolog\u00eda hecha a medida para ti!<\/p>\t\t\t\t\t\t<\/div>\n\t\t\t\t<\/div>\n\t\t\t\t\t<\/div>\n\t\t\t\t<\/div>\n\t\t\t\t<\/div>\n\t\t","protected":false},"excerpt":{"rendered":"<p>Nosotros \u00a1Bienvenido a la historia de Enlace System!\u00a0 Desde nuestros humildes comienzos hace m\u00e1s de una d\u00e9cada, nos hemos convertido en un referente en el mundo de las nuevas tecnolog\u00edas. Iniciamos nuestra traves\u00eda en 2009 con la venta de productos y servicios inform\u00e1ticos, estableciendo las bases de lo que se convertir\u00eda en un viaje apasionante &hellip;<\/p>\n<p class=\"read-more\"> <a class=\"\" href=\"https:\/\/www.enlacesystem.com.py\/index.php\/about\/\"> <span class=\"screen-reader-text\">Quienes somos<\/span> Leer m\u00e1s &raquo;<\/a><\/p>\n","protected":false},"author":1,"featured_media":0,"parent":0,"menu_order":0,"comment_status":"closed","ping_status":"closed","template":"","meta":{"_uag_custom_page_level_css":"","site-sidebar-layout":"no-sidebar","site-content-layout":"page-builder","ast-global-header-display":"","ast-main-header-display":"","ast-hfb-above-header-display":"","ast-hfb-below-header-display":"","ast-hfb-mobile-header-display":"","site-post-title":"","ast-breadcrumbs-content":"disabled","ast-featured-img":"disabled","footer-sml-layout":"","theme-transparent-header-meta":"enabled","adv-header-id-meta":"","stick-header-meta":"","header-above-stick-meta":"","header-main-stick-meta":"","header-below-stick-meta":"","footnotes":""},"class_list":["post-1116","page","type-page","status-publish","hentry"],"uagb_featured_image_src":{"full":false,"thumbnail":false,"medium":false,"medium_large":false,"large":false,"1536x1536":false,"2048x2048":false,"woocommerce_thumbnail":false,"woocommerce_single":false,"woocommerce_gallery_thumbnail":false},"uagb_author_info":{"display_name":"admin","author_link":"https:\/\/www.enlacesystem.com.py\/index.php\/author\/admin\/"},"uagb_comment_info":0,"uagb_excerpt":"Nosotros \u00a1Bienvenido a la historia de Enlace System!\u00a0 Desde nuestros humildes comienzos hace m\u00e1s de una d\u00e9cada, nos hemos convertido en un referente en el mundo de las nuevas tecnolog\u00edas. Iniciamos nuestra traves\u00eda en 2009 con la venta de productos y servicios inform\u00e1ticos, estableciendo las bases de lo que se convertir\u00eda en un viaje apasionante&hellip;","_links":{"self":[{"href":"https:\/\/www.enlacesystem.com.py\/index.php\/wp-json\/wp\/v2\/pages\/1116","targetHints":{"allow":["GET"]}}],"collection":[{"href":"https:\/\/www.enlacesystem.com.py\/index.php\/wp-json\/wp\/v2\/pages"}],"about":[{"href":"https:\/\/www.enlacesystem.com.py\/index.php\/wp-json\/wp\/v2\/types\/page"}],"author":[{"embeddable":true,"href":"https:\/\/www.enlacesystem.com.py\/index.php\/wp-json\/wp\/v2\/users\/1"}],"replies":[{"embeddable":true,"href":"https:\/\/www.enlacesystem.com.py\/index.php\/wp-json\/wp\/v2\/comments?post=1116"}],"version-history":[{"count":67,"href":"https:\/\/www.enlacesystem.com.py\/index.php\/wp-json\/wp\/v2\/pages\/1116\/revisions"}],"predecessor-version":[{"id":2288,"href":"https:\/\/www.enlacesystem.com.py\/index.php\/wp-json\/wp\/v2\/pages\/1116\/revisions\/2288"}],"wp:attachment":[{"href":"https:\/\/www.enlacesystem.com.py\/index.php\/wp-json\/wp\/v2\/media?parent=1116"}],"curies":[{"name":"wp","href":"https:\/\/api.w.org\/{rel}","templated":true}]}}