{"id":1113,"date":"2022-04-29T04:27:23","date_gmt":"2022-04-29T04:27:23","guid":{"rendered":"https:\/\/tienda.enlacesystem.com.py\/index.php\/home\/"},"modified":"2024-03-13T10:13:46","modified_gmt":"2024-03-13T13:13:46","slug":"home","status":"publish","type":"page","link":"https:\/\/www.enlacesystem.com.py\/","title":{"rendered":"Inicio"},"content":{"rendered":"\t\t<div data-elementor-type=\"wp-page\" data-elementor-id=\"1113\" class=\"elementor elementor-1113\">\n\t\t\t\t<div class=\"elementor-element elementor-element-34646e3 e-con-full e-flex e-con e-parent\" data-id=\"34646e3\" data-element_type=\"container\" data-settings=\"{&quot;background_background&quot;:&quot;slideshow&quot;,&quot;background_slideshow_gallery&quot;:[{&quot;id&quot;:1965,&quot;url&quot;:&quot;https:\\\/\\\/tienda.enlacesystem.com.py\\\/wp-content\\\/uploads\\\/2024\\\/03\\\/Sistema-na-nuvem-por-que-escolher-sem-texto-1200x600-1.png&quot;},{&quot;id&quot;:2034,&quot;url&quot;:&quot;https:\\\/\\\/tienda.enlacesystem.com.py\\\/wp-content\\\/uploads\\\/2024\\\/03\\\/baneer2024-2-scaled.jpg&quot;}],&quot;background_slideshow_slide_transition&quot;:&quot;slide_left&quot;,&quot;background_slideshow_ken_burns&quot;:&quot;yes&quot;,&quot;background_slideshow_slide_duration&quot;:5000,&quot;background_slideshow_transition_duration&quot;:500,&quot;background_slideshow_ken_burns_zoom_direction&quot;:&quot;in&quot;}\" data-core-v316-plus=\"true\">\n\t\t\t\t<div class=\"elementor-element elementor-element-224d549 elementor-widget__width-inherit elementor-hidden-mobile elementor-widget elementor-widget-heading\" data-id=\"224d549\" data-element_type=\"widget\" data-widget_type=\"heading.default\">\n\t\t\t\t<div class=\"elementor-widget-container\">\n\t\t\t<style>\/*! elementor - v3.20.0 - 11-03-2024 *\/\n.elementor-heading-title{padding:0;margin:0;line-height:1}.elementor-widget-heading .elementor-heading-title[class*=elementor-size-]>a{color:inherit;font-size:inherit;line-height:inherit}.elementor-widget-heading .elementor-heading-title.elementor-size-small{font-size:15px}.elementor-widget-heading .elementor-heading-title.elementor-size-medium{font-size:19px}.elementor-widget-heading .elementor-heading-title.elementor-size-large{font-size:29px}.elementor-widget-heading .elementor-heading-title.elementor-size-xl{font-size:39px}.elementor-widget-heading .elementor-heading-title.elementor-size-xxl{font-size:59px}<\/style><h4 class=\"elementor-heading-title elementor-size-default\">\u00a1Bienvenido a Enlace System SRL<br>\n\nTu enlace a la tecnologia!<\/h4>\t\t<\/div>\n\t\t\t\t<\/div>\n\t\t\t\t<div class=\"elementor-element elementor-element-5d421f0 elementor-widget__width-inherit elementor-hidden-desktop elementor-hidden-tablet elementor-widget elementor-widget-heading\" data-id=\"5d421f0\" data-element_type=\"widget\" data-widget_type=\"heading.default\">\n\t\t\t\t<div class=\"elementor-widget-container\">\n\t\t\t<h4 class=\"elementor-heading-title elementor-size-default\">\u00a1Tu enlace a la tecnologia!<\/h4>\t\t<\/div>\n\t\t\t\t<\/div>\n\t\t\t\t<\/div>\n\t\t<div class=\"elementor-element elementor-element-ce3e1a0 elementor-hidden-mobile e-flex e-con-boxed e-con e-parent\" data-id=\"ce3e1a0\" data-element_type=\"container\" data-core-v316-plus=\"true\">\n\t\t\t\t\t<div class=\"e-con-inner\">\n\t\t\t\t<div class=\"elementor-element elementor-element-1ac9065 elementor-widget elementor-widget-text-editor\" data-id=\"1ac9065\" data-element_type=\"widget\" data-widget_type=\"text-editor.default\">\n\t\t\t\t<div class=\"elementor-widget-container\">\n\t\t\t<style>\/*! elementor - v3.20.0 - 11-03-2024 *\/\n.elementor-widget-text-editor.elementor-drop-cap-view-stacked .elementor-drop-cap{background-color:#69727d;color:#fff}.elementor-widget-text-editor.elementor-drop-cap-view-framed .elementor-drop-cap{color:#69727d;border:3px solid;background-color:transparent}.elementor-widget-text-editor:not(.elementor-drop-cap-view-default) .elementor-drop-cap{margin-top:8px}.elementor-widget-text-editor:not(.elementor-drop-cap-view-default) .elementor-drop-cap-letter{width:1em;height:1em}.elementor-widget-text-editor .elementor-drop-cap{float:left;text-align:center;line-height:1;font-size:50px}.elementor-widget-text-editor .elementor-drop-cap-letter{display:inline-block}<\/style>\t\t\t\t<div data-testid=\"conversation-turn-3\"><div data-message-author-role=\"assistant\" data-message-id=\"12416072-48bd-41b1-8954-2d9565d0e62d\"><p>\u00a1Tu destino definitivo para s<strong>oluciones tecnol\u00f3gicas integrales<\/strong>! Nos enorgullece ofrecer servicios de vanguardia en el \u00e1mbito del Servicio T\u00e9cnico Inform\u00e1tico y Electr\u00f3nico, asegurando que tus dispositivos funcionen sin problemas. Desde reparaciones r\u00e1pidas hasta diagn\u00f3sticos precisos, nuestro equipo altamente capacitado est\u00e1 aqu\u00ed para resolver cualquier problema con la m\u00e1xima eficiencia y profesionalismo.<\/p><p>Adem\u00e1s de nuestro excepcional servicio t\u00e9cnico, nos especializamos en el Desarrollo de Software y Sistemas a medida, dise\u00f1ando soluciones personalizadas que se adaptan perfectamente a las necesidades de tu negocio. Y no nos detenemos ah\u00ed: en un mundo cada vez m\u00e1s digitalizado, nuestra experiencia en Cyber Seguridad garantiza que tus datos est\u00e9n protegidos en todo momento. En Enlace System SRL, no solo ofrecemos soluciones, sino que tambi\u00e9n construimos relaciones s\u00f3lidas basadas en la confianza y el compromiso con la excelencia tecnol\u00f3gica. \u00a1\u00danete a nosotros y descubre un mundo de posibilidades!<\/p><\/div><\/div>\t\t\t\t\t\t<\/div>\n\t\t\t\t<\/div>\n\t\t\t\t\t<\/div>\n\t\t\t\t<\/div>\n\t\t<div class=\"elementor-element elementor-element-4vfy980 e-flex e-con-boxed e-con e-parent\" data-id=\"4vfy980\" data-element_type=\"container\" data-settings=\"{&quot;background_background&quot;:&quot;gradient&quot;}\" data-core-v316-plus=\"true\">\n\t\t\t\t\t<div class=\"e-con-inner\">\n\t\t\t\t<div class=\"elementor-element elementor-element-b4f45a5 elementor-widget elementor-widget-heading\" data-id=\"b4f45a5\" data-element_type=\"widget\" data-widget_type=\"heading.default\">\n\t\t\t\t<div class=\"elementor-widget-container\">\n\t\t\t<h2 class=\"elementor-heading-title elementor-size-default\">Que te ofrecemos?<\/h2>\t\t<\/div>\n\t\t\t\t<\/div>\n\t\t<div class=\"elementor-element elementor-element-b9f093f e-con-full e-flex e-con e-child\" data-id=\"b9f093f\" data-element_type=\"container\">\n\t\t<div class=\"elementor-element elementor-element-fec9c7e e-con-full e-flex e-con e-child\" data-id=\"fec9c7e\" data-element_type=\"container\" data-settings=\"{&quot;background_background&quot;:&quot;classic&quot;}\">\n\t\t\t\t<div class=\"elementor-element elementor-element-e5c3734 elementor-widget elementor-widget-icon-box\" data-id=\"e5c3734\" data-element_type=\"widget\" data-widget_type=\"icon-box.default\">\n\t\t\t\t<div class=\"elementor-widget-container\">\n\t\t\t<link rel=\"stylesheet\" href=\"https:\/\/enlacesystem.com.py\/wp-content\/plugins\/elementor\/assets\/css\/widget-icon-box.min.css\">\t\t<div class=\"elementor-icon-box-wrapper\">\n\t\t\t\t\t\t<div class=\"elementor-icon-box-content\">\n\t\t\t\t<h4 class=\"elementor-icon-box-title\">\n\t\t\t\t\t<span  >\n\t\t\t\t\t\tServicio Tecnico Especializado\t\t\t\t\t<\/span>\n\t\t\t\t<\/h4>\n\t\t\t\t\t\t\t\t\t<p class=\"elementor-icon-box-description\">\n\t\t\t\t\t\tReparacion de equipos informaticos y electronica de Notebooks, Desktop, Servers, Impresoras, etc.\t\t\t\t\t<\/p>\n\t\t\t\t\t\t\t<\/div>\n\t\t<\/div>\n\t\t\t\t<\/div>\n\t\t\t\t<\/div>\n\t\t\t\t<\/div>\n\t\t<div class=\"elementor-element elementor-element-649a5cf e-con-full e-flex e-con e-child\" data-id=\"649a5cf\" data-element_type=\"container\" data-settings=\"{&quot;background_background&quot;:&quot;classic&quot;}\">\n\t\t\t\t<div class=\"elementor-element elementor-element-ac47065 elementor-widget elementor-widget-icon-box\" data-id=\"ac47065\" data-element_type=\"widget\" data-widget_type=\"icon-box.default\">\n\t\t\t\t<div class=\"elementor-widget-container\">\n\t\t\t\t\t<div class=\"elementor-icon-box-wrapper\">\n\t\t\t\t\t\t<div class=\"elementor-icon-box-content\">\n\t\t\t\t<h4 class=\"elementor-icon-box-title\">\n\t\t\t\t\t<span  >\n\t\t\t\t\t\tSistema de Facturacion & Stock\t\t\t\t\t<\/span>\n\t\t\t\t<\/h4>\n\t\t\t\t\t\t\t\t\t<p class=\"elementor-icon-box-description\">\n\t\t\t\t\t\tMySystemCloud es el sistema perfecto para tu negocio, facil de usar y el mas completo.\t\t\t\t\t<\/p>\n\t\t\t\t\t\t\t<\/div>\n\t\t<\/div>\n\t\t\t\t<\/div>\n\t\t\t\t<\/div>\n\t\t\t\t<\/div>\n\t\t\t\t<\/div>\n\t\t<div class=\"elementor-element elementor-element-954feab e-con-full e-flex e-con e-child\" data-id=\"954feab\" data-element_type=\"container\">\n\t\t<div class=\"elementor-element elementor-element-3390e01 e-con-full e-flex e-con e-child\" data-id=\"3390e01\" data-element_type=\"container\" data-settings=\"{&quot;background_background&quot;:&quot;classic&quot;}\">\n\t\t\t\t<div class=\"elementor-element elementor-element-99a2a8f elementor-widget elementor-widget-icon-box\" data-id=\"99a2a8f\" data-element_type=\"widget\" data-widget_type=\"icon-box.default\">\n\t\t\t\t<div class=\"elementor-widget-container\">\n\t\t\t\t\t<div class=\"elementor-icon-box-wrapper\">\n\t\t\t\t\t\t<div class=\"elementor-icon-box-content\">\n\t\t\t\t<h4 class=\"elementor-icon-box-title\">\n\t\t\t\t\t<span  >\n\t\t\t\t\t\tSoporte a tus Servidores\t\t\t\t\t<\/span>\n\t\t\t\t<\/h4>\n\t\t\t\t\t\t\t\t\t<p class=\"elementor-icon-box-description\">\n\t\t\t\t\t\tTe damos soporte a tu infraestructura, administramos tus Servidores, Hosting, Sistemas Virtuales y VPS\t\t\t\t\t<\/p>\n\t\t\t\t\t\t\t<\/div>\n\t\t<\/div>\n\t\t\t\t<\/div>\n\t\t\t\t<\/div>\n\t\t\t\t<\/div>\n\t\t<div class=\"elementor-element elementor-element-98956e8 e-con-full e-flex e-con e-child\" data-id=\"98956e8\" data-element_type=\"container\" data-settings=\"{&quot;background_background&quot;:&quot;classic&quot;}\">\n\t\t\t\t<div class=\"elementor-element elementor-element-a9a6396 elementor-widget elementor-widget-icon-box\" data-id=\"a9a6396\" data-element_type=\"widget\" data-widget_type=\"icon-box.default\">\n\t\t\t\t<div class=\"elementor-widget-container\">\n\t\t\t\t\t<div class=\"elementor-icon-box-wrapper\">\n\t\t\t\t\t\t<div class=\"elementor-icon-box-content\">\n\t\t\t\t<h4 class=\"elementor-icon-box-title\">\n\t\t\t\t\t<span  >\n\t\t\t\t\t\tRedes Cableadas y Wifi\t\t\t\t\t<\/span>\n\t\t\t\t<\/h4>\n\t\t\t\t\t\t\t\t\t<p class=\"elementor-icon-box-description\">\n\t\t\t\t\t\tInstalaciones de cableados estructurados, redes inalambricas y configuraciones de enlaces VPN\t\t\t\t\t<\/p>\n\t\t\t\t\t\t\t<\/div>\n\t\t<\/div>\n\t\t\t\t<\/div>\n\t\t\t\t<\/div>\n\t\t\t\t<\/div>\n\t\t<div class=\"elementor-element elementor-element-17b1677 e-con-full e-flex e-con e-child\" data-id=\"17b1677\" data-element_type=\"container\" data-settings=\"{&quot;background_background&quot;:&quot;classic&quot;}\">\n\t\t\t\t<div class=\"elementor-element elementor-element-df1bba5 elementor-widget elementor-widget-icon-box\" data-id=\"df1bba5\" data-element_type=\"widget\" data-widget_type=\"icon-box.default\">\n\t\t\t\t<div class=\"elementor-widget-container\">\n\t\t\t\t\t<div class=\"elementor-icon-box-wrapper\">\n\t\t\t\t\t\t<div class=\"elementor-icon-box-content\">\n\t\t\t\t<h4 class=\"elementor-icon-box-title\">\n\t\t\t\t\t<span  >\n\t\t\t\t\t\tCCTV\t\t\t\t\t<\/span>\n\t\t\t\t<\/h4>\n\t\t\t\t\t\t\t\t\t<p class=\"elementor-icon-box-description\">\n\t\t\t\t\t\tInstalaciones de sistemas de seguridad y circuito cerrado, alarmas y automatizaciones\t\t\t\t\t<\/p>\n\t\t\t\t\t\t\t<\/div>\n\t\t<\/div>\n\t\t\t\t<\/div>\n\t\t\t\t<\/div>\n\t\t\t\t<\/div>\n\t\t\t\t<\/div>\n\t\t\t\t\t<\/div>\n\t\t\t\t<\/div>\n\t\t<div class=\"elementor-element elementor-element-78cecxk e-flex e-con-boxed e-con e-parent\" data-id=\"78cecxk\" data-element_type=\"container\" data-settings=\"{&quot;background_background&quot;:&quot;classic&quot;}\" data-core-v316-plus=\"true\">\n\t\t\t\t\t<div class=\"e-con-inner\">\n\t\t<div class=\"elementor-element elementor-element-1fbe0c1 e-con-full e-flex e-con e-child\" data-id=\"1fbe0c1\" data-element_type=\"container\">\n\t\t\t\t<div class=\"elementor-element elementor-element-7a88051 elementor-widget elementor-widget-heading\" data-id=\"7a88051\" data-element_type=\"widget\" data-widget_type=\"heading.default\">\n\t\t\t\t<div class=\"elementor-widget-container\">\n\t\t\t<h4 class=\"elementor-heading-title elementor-size-default\">Todo lo que buscas esta aqui...<\/h4>\t\t<\/div>\n\t\t\t\t<\/div>\n\t\t\t\t<div class=\"elementor-element elementor-element-6a8eda1 elementor-widget elementor-widget-heading\" data-id=\"6a8eda1\" data-element_type=\"widget\" data-widget_type=\"heading.default\">\n\t\t\t\t<div class=\"elementor-widget-container\">\n\t\t\t<h2 class=\"elementor-heading-title elementor-size-default\">Visita nuestra tienda Online<\/h2>\t\t<\/div>\n\t\t\t\t<\/div>\n\t\t\t\t<div class=\"elementor-element elementor-element-e46f1de elementor-widget elementor-widget-text-editor\" data-id=\"e46f1de\" data-element_type=\"widget\" data-widget_type=\"text-editor.default\">\n\t\t\t\t<div class=\"elementor-widget-container\">\n\t\t\t\t\t\t\t<p>Consulta con nuestros vendedores, y te brindaremos la mejor solucion<\/p>\t\t\t\t\t\t<\/div>\n\t\t\t\t<\/div>\n\t\t\t\t<div class=\"elementor-element elementor-element-77fd67f elementor-align-center elementor-widget elementor-widget-button\" data-id=\"77fd67f\" data-element_type=\"widget\" data-widget_type=\"button.default\">\n\t\t\t\t<div class=\"elementor-widget-container\">\n\t\t\t\t\t<div class=\"elementor-button-wrapper\">\n\t\t\t<a class=\"elementor-button elementor-button-link elementor-size-sm\" href=\"https:\/\/websitedemos.net\/cycle-shop-02\/product\/kryo-x26-mtb-model-x\/\">\n\t\t\t\t\t\t<span class=\"elementor-button-content-wrapper\">\n\t\t\t\t\t\t<span class=\"elementor-button-text\">Ir a la Tienda<\/span>\n\t\t<\/span>\n\t\t\t\t\t<\/a>\n\t\t<\/div>\n\t\t\t\t<\/div>\n\t\t\t\t<\/div>\n\t\t\t\t<\/div>\n\t\t\t\t\t<\/div>\n\t\t\t\t<\/div>\n\t\t\t\t<\/div>\n\t\t","protected":false},"excerpt":{"rendered":"<p>\u00a1Bienvenido a Enlace System SRL Tu enlace a la tecnologia! \u00a1Tu enlace a la tecnologia! \u00a1Tu destino definitivo para soluciones tecnol\u00f3gicas integrales! Nos enorgullece ofrecer servicios de vanguardia en el \u00e1mbito del Servicio T\u00e9cnico Inform\u00e1tico y Electr\u00f3nico, asegurando que tus dispositivos funcionen sin problemas. Desde reparaciones r\u00e1pidas hasta diagn\u00f3sticos precisos, nuestro equipo altamente capacitado est\u00e1 &hellip;<\/p>\n<p class=\"read-more\"> <a class=\"\" href=\"https:\/\/www.enlacesystem.com.py\/\"> <span class=\"screen-reader-text\">Inicio<\/span> Leer m\u00e1s &raquo;<\/a><\/p>\n","protected":false},"author":1,"featured_media":0,"parent":0,"menu_order":0,"comment_status":"closed","ping_status":"closed","template":"elementor_header_footer","meta":{"_uag_custom_page_level_css":"","site-sidebar-layout":"no-sidebar","site-content-layout":"page-builder","ast-global-header-display":"","ast-main-header-display":"","ast-hfb-above-header-display":"","ast-hfb-below-header-display":"","ast-hfb-mobile-header-display":"","site-post-title":"disabled","ast-breadcrumbs-content":"disabled","ast-featured-img":"disabled","footer-sml-layout":"","theme-transparent-header-meta":"enabled","adv-header-id-meta":"","stick-header-meta":"","header-above-stick-meta":"","header-main-stick-meta":"","header-below-stick-meta":"","footnotes":""},"class_list":["post-1113","page","type-page","status-publish","hentry"],"uagb_featured_image_src":{"full":false,"thumbnail":false,"medium":false,"medium_large":false,"large":false,"1536x1536":false,"2048x2048":false,"woocommerce_thumbnail":false,"woocommerce_single":false,"woocommerce_gallery_thumbnail":false},"uagb_author_info":{"display_name":"admin","author_link":"https:\/\/www.enlacesystem.com.py\/index.php\/author\/admin\/"},"uagb_comment_info":0,"uagb_excerpt":"\u00a1Bienvenido a Enlace System SRL Tu enlace a la tecnologia! \u00a1Tu enlace a la tecnologia! \u00a1Tu destino definitivo para soluciones tecnol\u00f3gicas integrales! Nos enorgullece ofrecer servicios de vanguardia en el \u00e1mbito del Servicio T\u00e9cnico Inform\u00e1tico y Electr\u00f3nico, asegurando que tus dispositivos funcionen sin problemas. Desde reparaciones r\u00e1pidas hasta diagn\u00f3sticos precisos, nuestro equipo altamente capacitado est\u00e1&hellip;","_links":{"self":[{"href":"https:\/\/www.enlacesystem.com.py\/index.php\/wp-json\/wp\/v2\/pages\/1113","targetHints":{"allow":["GET"]}}],"collection":[{"href":"https:\/\/www.enlacesystem.com.py\/index.php\/wp-json\/wp\/v2\/pages"}],"about":[{"href":"https:\/\/www.enlacesystem.com.py\/index.php\/wp-json\/wp\/v2\/types\/page"}],"author":[{"embeddable":true,"href":"https:\/\/www.enlacesystem.com.py\/index.php\/wp-json\/wp\/v2\/users\/1"}],"replies":[{"embeddable":true,"href":"https:\/\/www.enlacesystem.com.py\/index.php\/wp-json\/wp\/v2\/comments?post=1113"}],"version-history":[{"count":319,"href":"https:\/\/www.enlacesystem.com.py\/index.php\/wp-json\/wp\/v2\/pages\/1113\/revisions"}],"predecessor-version":[{"id":2445,"href":"https:\/\/www.enlacesystem.com.py\/index.php\/wp-json\/wp\/v2\/pages\/1113\/revisions\/2445"}],"wp:attachment":[{"href":"https:\/\/www.enlacesystem.com.py\/index.php\/wp-json\/wp\/v2\/media?parent=1113"}],"curies":[{"name":"wp","href":"https:\/\/api.w.org\/{rel}","templated":true}]}}